{"id":282,"date":"2024-09-09T10:11:39","date_gmt":"2024-09-09T08:11:39","guid":{"rendered":"https:\/\/8acoach.com\/?page_id=282"},"modified":"2025-08-26T12:19:18","modified_gmt":"2025-08-26T10:19:18","slug":"confirmacion-de-masterclass","status":"publish","type":"page","link":"https:\/\/8acoach.com\/confirmacion-de-masterclass","title":{"rendered":"Pagina de confirmaci\u00f3n"},"content":{"rendered":"\t\t<div data-elementor-type=\"wp-page\" data-elementor-id=\"282\" class=\"elementor elementor-282\">\n\t\t\t\t<div class=\"elementor-element elementor-element-485331c7 e-grid e-con-boxed e-con e-parent\" data-id=\"485331c7\" data-element_type=\"container\" data-settings=\"{&quot;background_background&quot;:&quot;classic&quot;}\">\n\t\t\t\t\t<div class=\"e-con-inner\">\n\t\t<div class=\"elementor-element elementor-element-6f56866a e-con-full e-flex e-con e-child\" data-id=\"6f56866a\" data-element_type=\"container\">\n\t\t<div class=\"elementor-element elementor-element-9e2a754 e-con-full e-flex e-con e-child\" data-id=\"9e2a754\" data-element_type=\"container\">\n\t\t\t\t<div class=\"elementor-element elementor-element-1d1053a elementor-widget__width-initial elementor-widget elementor-widget-heading\" data-id=\"1d1053a\" data-element_type=\"widget\" data-widget_type=\"heading.default\">\n\t\t\t\t<div class=\"elementor-widget-container\">\n\t\t\t\t\t<h2 class=\"elementor-heading-title elementor-size-default\">7 de SEPTIEMBRE 2025 a las 20:00\n\nHora Espa\u00f1ola<\/h2>\t\t\t\t<\/div>\n\t\t\t\t<\/div>\n\t\t\t\t<\/div>\n\t\t\t\t<div class=\"elementor-element elementor-element-22e05ce elementor-widget elementor-widget-image\" data-id=\"22e05ce\" data-element_type=\"widget\" data-widget_type=\"image.default\">\n\t\t\t\t<div class=\"elementor-widget-container\">\n\t\t\t\t\t\t\t\t\t\t\t\t\t\t\t<img fetchpriority=\"high\" decoding=\"async\" width=\"1024\" height=\"1024\" src=\"https:\/\/8acoach.com\/wp-content\/uploads\/2024\/09\/Tradicional-media-maraton.jpg-1024x1024.jpg\" class=\"attachment-large size-large wp-image-304\" alt=\"\" srcset=\"https:\/\/8acoach.com\/wp-content\/uploads\/2024\/09\/Tradicional-media-maraton.jpg-1024x1024.jpg 1024w, https:\/\/8acoach.com\/wp-content\/uploads\/2024\/09\/Tradicional-media-maraton.jpg-300x300.jpg 300w, https:\/\/8acoach.com\/wp-content\/uploads\/2024\/09\/Tradicional-media-maraton.jpg-150x150.jpg 150w, https:\/\/8acoach.com\/wp-content\/uploads\/2024\/09\/Tradicional-media-maraton.jpg-768x768.jpg 768w, https:\/\/8acoach.com\/wp-content\/uploads\/2024\/09\/Tradicional-media-maraton.jpg.jpg 1080w\" sizes=\"(max-width: 1024px) 100vw, 1024px\" \/>\t\t\t\t\t\t\t\t\t\t\t\t\t\t\t<\/div>\n\t\t\t\t<\/div>\n\t\t\t\t<\/div>\n\t\t<div class=\"elementor-element elementor-element-47688fd3 e-con-full e-flex e-con e-child\" data-id=\"47688fd3\" data-element_type=\"container\">\n\t\t\t\t<div class=\"elementor-element elementor-element-32e04d55 elementor-widget elementor-widget-heading\" data-id=\"32e04d55\" data-element_type=\"widget\" data-widget_type=\"heading.default\">\n\t\t\t\t<div class=\"elementor-widget-container\">\n\t\t\t\t\t<h1 class=\"elementor-heading-title elementor-size-default\">Estas dentro<\/h1>\t\t\t\t<\/div>\n\t\t\t\t<\/div>\n\t\t\t\t<div class=\"elementor-element elementor-element-5c8973b2 elementor-widget elementor-widget-text-editor\" data-id=\"5c8973b2\" data-element_type=\"widget\" data-widget_type=\"text-editor.default\">\n\t\t\t\t<div class=\"elementor-widget-container\">\n\t\t\t\t\t\t\t\t\t<p><span style=\"vertical-align: inherit;\"><span style=\"vertical-align: inherit;\">Este 07 de SEPTIEMBRE, vas a descubrir una forma simple y efectiva de incorporar los ejercicios balisticos dentro de tus programas de entrenamiento.<\/span><\/span><\/p>\t\t\t\t\t\t\t\t<\/div>\n\t\t\t\t<\/div>\n\t\t\t\t<\/div>\n\t\t\t\t\t<\/div>\n\t\t\t\t<\/div>\n\t\t<div class=\"elementor-element elementor-element-39ccafb7 e-con-full e-flex e-con e-parent\" data-id=\"39ccafb7\" data-element_type=\"container\" data-settings=\"{&quot;background_background&quot;:&quot;classic&quot;}\">\n\t\t<div class=\"elementor-element elementor-element-63e04466 e-con-full e-flex e-con e-child\" data-id=\"63e04466\" data-element_type=\"container\">\n\t\t\t\t<div class=\"elementor-element elementor-element-7d54cc59 elementor-widget elementor-widget-heading\" data-id=\"7d54cc59\" data-element_type=\"widget\" data-widget_type=\"heading.default\">\n\t\t\t\t<div class=\"elementor-widget-container\">\n\t\t\t\t\t<h2 class=\"elementor-heading-title elementor-size-default\">\u00bfQuien soy y por que puedo ayudarte?<\/h2>\t\t\t\t<\/div>\n\t\t\t\t<\/div>\n\t\t\t\t<div class=\"elementor-element elementor-element-1f3f07b2 elementor-widget elementor-widget-text-editor\" data-id=\"1f3f07b2\" data-element_type=\"widget\" data-widget_type=\"text-editor.default\">\n\t\t\t\t<div class=\"elementor-widget-container\">\n\t\t\t\t\t\t\t\t\t<p>Soy Jes\u00fas Ochoa,Campe\u00f3n Mundial y tres veces campe\u00f3n de Espa\u00f1a de kettlebell deportivo.\u00a0<\/p><p>Ademas soy entrenador con mas de 10 a\u00f1os de experiencia. Fiel creyente en aprender a trav\u00e9s de la pr\u00e1ctica y mi enfoque se centra en la aplicaci\u00f3n del conocimiento.<\/p>\t\t\t\t\t\t\t\t<\/div>\n\t\t\t\t<\/div>\n\t\t\t\t<\/div>\n\t\t<div class=\"elementor-element elementor-element-1fa9cfcf e-con-full e-flex e-con e-child\" data-id=\"1fa9cfcf\" data-element_type=\"container\">\n\t\t\t\t<div class=\"elementor-element elementor-element-5c2b38e elementor-widget elementor-widget-image\" data-id=\"5c2b38e\" data-element_type=\"widget\" data-widget_type=\"image.default\">\n\t\t\t\t<div class=\"elementor-widget-container\">\n\t\t\t\t\t\t\t\t\t\t\t\t\t\t\t<img decoding=\"async\" width=\"669\" height=\"886\" src=\"https:\/\/8acoach.com\/wp-content\/uploads\/2024\/02\/Captura-de-pantalla-2024-02-28-a-las-11.38.52.png\" class=\"attachment-large size-large wp-image-7\" alt=\"\" srcset=\"https:\/\/8acoach.com\/wp-content\/uploads\/2024\/02\/Captura-de-pantalla-2024-02-28-a-las-11.38.52.png 669w, https:\/\/8acoach.com\/wp-content\/uploads\/2024\/02\/Captura-de-pantalla-2024-02-28-a-las-11.38.52-227x300.png 227w\" sizes=\"(max-width: 669px) 100vw, 669px\" \/>\t\t\t\t\t\t\t\t\t\t\t\t\t\t\t<\/div>\n\t\t\t\t<\/div>\n\t\t\t\t<\/div>\n\t\t\t\t<\/div>\n\t\t<div class=\"elementor-element elementor-element-5db7983b e-con-full e-flex e-con e-parent\" data-id=\"5db7983b\" data-element_type=\"container\" data-settings=\"{&quot;background_background&quot;:&quot;classic&quot;}\">\n\t\t<div class=\"elementor-element elementor-element-4f885d2f e-con-full e-flex e-con e-child\" data-id=\"4f885d2f\" data-element_type=\"container\">\n\t\t\t\t<div class=\"elementor-element elementor-element-14138dbb elementor-widget elementor-widget-heading\" data-id=\"14138dbb\" data-element_type=\"widget\" data-widget_type=\"heading.default\">\n\t\t\t\t<div class=\"elementor-widget-container\">\n\t\t\t\t\t<h2 class=\"elementor-heading-title elementor-size-default\">He ayudado a cientos de entrenadores a empezar dominar las kettlebells para introducirlas en el trabajo con sus clientes.<\/h2>\t\t\t\t<\/div>\n\t\t\t\t<\/div>\n\t\t\t\t<\/div>\n\t\t<div class=\"elementor-element elementor-element-1293e927 e-con-full e-flex e-con e-child\" data-id=\"1293e927\" data-element_type=\"container\">\n\t\t\t\t<div class=\"elementor-element elementor-element-32aa2597 elementor-widget elementor-widget-image\" data-id=\"32aa2597\" data-element_type=\"widget\" data-widget_type=\"image.default\">\n\t\t\t\t<div class=\"elementor-widget-container\">\n\t\t\t\t\t\t\t\t\t\t\t\t\t\t\t<img decoding=\"async\" width=\"658\" height=\"344\" src=\"https:\/\/8acoach.com\/wp-content\/uploads\/2024\/09\/Captura-de-pantalla-2024-09-09-a-las-7.31.58.png\" class=\"attachment-large size-large wp-image-292\" alt=\"\" srcset=\"https:\/\/8acoach.com\/wp-content\/uploads\/2024\/09\/Captura-de-pantalla-2024-09-09-a-las-7.31.58.png 658w, https:\/\/8acoach.com\/wp-content\/uploads\/2024\/09\/Captura-de-pantalla-2024-09-09-a-las-7.31.58-300x157.png 300w\" sizes=\"(max-width: 658px) 100vw, 658px\" \/>\t\t\t\t\t\t\t\t\t\t\t\t\t\t\t<\/div>\n\t\t\t\t<\/div>\n\t\t\t\t<\/div>\n\t\t\t\t<\/div>\n\t\t<div class=\"elementor-element elementor-element-41dfcd3e e-con-full e-flex e-con e-parent\" data-id=\"41dfcd3e\" data-element_type=\"container\" data-settings=\"{&quot;background_background&quot;:&quot;classic&quot;}\">\n\t\t<div class=\"elementor-element elementor-element-40286d79 e-con-full e-flex e-con e-child\" data-id=\"40286d79\" data-element_type=\"container\">\n\t\t\t\t<div class=\"elementor-element elementor-element-14640b1a elementor-widget elementor-widget-heading\" data-id=\"14640b1a\" data-element_type=\"widget\" data-widget_type=\"heading.default\">\n\t\t\t\t<div class=\"elementor-widget-container\">\n\t\t\t\t\t<h2 class=\"elementor-heading-title elementor-size-default\">Mi proposito siempre ha sido poner a la gente fuerte con el minimo material necesario<\/h2>\t\t\t\t<\/div>\n\t\t\t\t<\/div>\n\t\t\t\t<div class=\"elementor-element elementor-element-553786d6 elementor-widget elementor-widget-text-editor\" data-id=\"553786d6\" data-element_type=\"widget\" data-widget_type=\"text-editor.default\">\n\t\t\t\t<div class=\"elementor-widget-container\">\n\t\t\t\t\t\t\t\t\t<p>En 2022 fund\u00e9 el primer club de entrenamiento con kettlebells online, con el objetivo de validar mi\u00a0filosof\u00eda y ayudar a un mayor n\u00famero de personas a beneficiarse del\u00a0entrenamiento\u00a0con kettlebells<\/p>\t\t\t\t\t\t\t\t<\/div>\n\t\t\t\t<\/div>\n\t\t\t\t<\/div>\n\t\t<div class=\"elementor-element elementor-element-4cca362a e-con-full e-flex e-con e-child\" data-id=\"4cca362a\" data-element_type=\"container\">\n\t\t\t\t<div class=\"elementor-element elementor-element-f4de2a8 elementor-widget elementor-widget-image\" data-id=\"f4de2a8\" data-element_type=\"widget\" data-widget_type=\"image.default\">\n\t\t\t\t<div class=\"elementor-widget-container\">\n\t\t\t\t\t\t\t\t\t\t\t\t\t\t\t<img loading=\"lazy\" decoding=\"async\" width=\"674\" height=\"890\" src=\"https:\/\/8acoach.com\/wp-content\/uploads\/2024\/02\/Captura-de-pantalla-2024-02-28-a-las-11.56.55.png\" class=\"attachment-large size-large wp-image-23\" alt=\"\" srcset=\"https:\/\/8acoach.com\/wp-content\/uploads\/2024\/02\/Captura-de-pantalla-2024-02-28-a-las-11.56.55.png 674w, https:\/\/8acoach.com\/wp-content\/uploads\/2024\/02\/Captura-de-pantalla-2024-02-28-a-las-11.56.55-227x300.png 227w\" sizes=\"(max-width: 674px) 100vw, 674px\" \/>\t\t\t\t\t\t\t\t\t\t\t\t\t\t\t<\/div>\n\t\t\t\t<\/div>\n\t\t\t\t<\/div>\n\t\t\t\t<\/div>\n\t\t<div class=\"elementor-element elementor-element-7fbd5721 e-flex e-con-boxed e-con e-parent\" data-id=\"7fbd5721\" data-element_type=\"container\" data-settings=\"{&quot;background_background&quot;:&quot;classic&quot;}\">\n\t\t\t\t\t<div class=\"e-con-inner\">\n\t\t\t\t<div class=\"elementor-element elementor-element-235e1d78 elementor-widget elementor-widget-heading\" data-id=\"235e1d78\" data-element_type=\"widget\" data-widget_type=\"heading.default\">\n\t\t\t\t<div class=\"elementor-widget-container\">\n\t\t\t\t\t<h3 class=\"elementor-heading-title elementor-size-default\">Aqu\u00ed puedes acceder a mi comunidad para mantenerte al d\u00eda y recibir tips y consejos a diario<\/h3>\t\t\t\t<\/div>\n\t\t\t\t<\/div>\n\t\t\t\t<div class=\"elementor-element elementor-element-1dffea89 elementor-widget elementor-widget-text-editor\" data-id=\"1dffea89\" data-element_type=\"widget\" data-widget_type=\"text-editor.default\">\n\t\t\t\t<div class=\"elementor-widget-container\">\n\t\t\t\t\t\t\t\t\t<p>This is your chance to emphasize why the visitor should contact you right now.<\/p>\t\t\t\t\t\t\t\t<\/div>\n\t\t\t\t<\/div>\n\t\t\t\t<div class=\"elementor-element elementor-element-19f50090 elementor-mobile-align-center elementor-align-center elementor-widget elementor-widget-button\" data-id=\"19f50090\" data-element_type=\"widget\" data-widget_type=\"button.default\">\n\t\t\t\t<div class=\"elementor-widget-container\">\n\t\t\t\t\t\t\t\t\t<div class=\"elementor-button-wrapper\">\n\t\t\t\t\t<a class=\"elementor-button elementor-button-link elementor-size-sm\" href=\"https:\/\/chat.whatsapp.com\/K3ZP2xqJSna8C960E7O1yI\">\n\t\t\t\t\t\t<span class=\"elementor-button-content-wrapper\">\n\t\t\t\t\t\t\t\t\t<span class=\"elementor-button-text\">Comunidad de whatssap<\/span>\n\t\t\t\t\t<\/span>\n\t\t\t\t\t<\/a>\n\t\t\t\t<\/div>\n\t\t\t\t\t\t\t\t<\/div>\n\t\t\t\t<\/div>\n\t\t\t\t\t<\/div>\n\t\t\t\t<\/div>\n\t\t<footer class=\"elementor-element elementor-element-8a8a0fc e-con-full e-flex e-con e-parent\" data-id=\"8a8a0fc\" data-element_type=\"container\">\n\t\t<div class=\"elementor-element elementor-element-79264da2 e-con-full e-flex e-con e-child\" data-id=\"79264da2\" data-element_type=\"container\">\n\t\t\t\t<div class=\"elementor-element elementor-element-ce5bdd5 elementor-widget elementor-widget-image\" data-id=\"ce5bdd5\" data-element_type=\"widget\" data-widget_type=\"image.default\">\n\t\t\t\t<div class=\"elementor-widget-container\">\n\t\t\t\t\t\t\t\t\t\t\t\t\t\t\t<img loading=\"lazy\" decoding=\"async\" width=\"842\" height=\"602\" src=\"https:\/\/8acoach.com\/wp-content\/uploads\/2024\/09\/LOGO_KETTLEBELL_NEGATIVO_FONDONEGRO_ENTERO.jpg\" class=\"attachment-full size-full wp-image-295\" alt=\"\" srcset=\"https:\/\/8acoach.com\/wp-content\/uploads\/2024\/09\/LOGO_KETTLEBELL_NEGATIVO_FONDONEGRO_ENTERO.jpg 842w, https:\/\/8acoach.com\/wp-content\/uploads\/2024\/09\/LOGO_KETTLEBELL_NEGATIVO_FONDONEGRO_ENTERO-300x214.jpg 300w, https:\/\/8acoach.com\/wp-content\/uploads\/2024\/09\/LOGO_KETTLEBELL_NEGATIVO_FONDONEGRO_ENTERO-768x549.jpg 768w\" sizes=\"(max-width: 842px) 100vw, 842px\" \/>\t\t\t\t\t\t\t\t\t\t\t\t\t\t\t<\/div>\n\t\t\t\t<\/div>\n\t\t\t\t<\/div>\n\t\t<div class=\"elementor-element elementor-element-615518d6 e-con-full e-flex e-con e-child\" data-id=\"615518d6\" data-element_type=\"container\">\n\t\t\t\t<div class=\"elementor-element elementor-element-f58cbe1 elementor-icon-list--layout-inline elementor-tablet-align-center elementor-align-center elementor-list-item-link-full_width elementor-widget elementor-widget-icon-list\" data-id=\"f58cbe1\" data-element_type=\"widget\" data-widget_type=\"icon-list.default\">\n\t\t\t\t<div class=\"elementor-widget-container\">\n\t\t\t\t\t\t\t<ul class=\"elementor-icon-list-items elementor-inline-items\">\n\t\t\t\t\t\t\t<li class=\"elementor-icon-list-item elementor-inline-item\">\n\t\t\t\t\t\t\t\t\t\t<span class=\"elementor-icon-list-text\">Calle Comunidad de Canarias, 16<\/span>\n\t\t\t\t\t\t\t\t\t<\/li>\n\t\t\t\t\t\t\t\t<li class=\"elementor-icon-list-item elementor-inline-item\">\n\t\t\t\t\t\t\t\t\t\t<span class=\"elementor-icon-list-text\">Las Rozas - Madrid<\/span>\n\t\t\t\t\t\t\t\t\t<\/li>\n\t\t\t\t\t\t<\/ul>\n\t\t\t\t\t\t<\/div>\n\t\t\t\t<\/div>\n\t\t\t\t<\/div>\n\t\t<div class=\"elementor-element elementor-element-7ab1068b e-con-full e-flex e-con e-child\" data-id=\"7ab1068b\" data-element_type=\"container\">\n\t\t\t\t<div class=\"elementor-element elementor-element-141352da e-grid-align-right e-grid-align-tablet-right e-grid-align-mobile-center elementor-widget-mobile__width-inherit elementor-shape-rounded elementor-grid-0 elementor-widget elementor-widget-social-icons\" data-id=\"141352da\" data-element_type=\"widget\" data-widget_type=\"social-icons.default\">\n\t\t\t\t<div class=\"elementor-widget-container\">\n\t\t\t\t\t\t\t<div class=\"elementor-social-icons-wrapper elementor-grid\" role=\"list\">\n\t\t\t\t\t\t\t<span class=\"elementor-grid-item\" role=\"listitem\">\n\t\t\t\t\t<a class=\"elementor-icon elementor-social-icon elementor-social-icon-facebook-f elementor-repeater-item-3f1b7ac\" target=\"_blank\">\n\t\t\t\t\t\t<span class=\"elementor-screen-only\">Facebook-f<\/span>\n\t\t\t\t\t\t<svg aria-hidden=\"true\" class=\"e-font-icon-svg e-fab-facebook-f\" viewBox=\"0 0 320 512\" xmlns=\"http:\/\/www.w3.org\/2000\/svg\"><path d=\"M279.14 288l14.22-92.66h-88.91v-60.13c0-25.35 12.42-50.06 52.24-50.06h40.42V6.26S260.43 0 225.36 0c-73.22 0-121.08 44.38-121.08 124.72v70.62H22.89V288h81.39v224h100.17V288z\"><\/path><\/svg>\t\t\t\t\t<\/a>\n\t\t\t\t<\/span>\n\t\t\t\t\t\t\t<span class=\"elementor-grid-item\" role=\"listitem\">\n\t\t\t\t\t<a class=\"elementor-icon elementor-social-icon elementor-social-icon- elementor-repeater-item-5c0ce3c\" target=\"_blank\">\n\t\t\t\t\t\t<span class=\"elementor-screen-only\"><\/span>\n\t\t\t\t\t\t<svg xmlns=\"http:\/\/www.w3.org\/2000\/svg\" id=\"aaf4d88f-6908-42b9-b3d6-5d6a3ec06a43\" data-name=\"Layer 1\" width=\"27\" height=\"26\" viewBox=\"0 0 27 26\"><path d=\"M26.9922,13.12c0-1.952.0071-3.904-.0054-5.856a7.4912,7.4912,0,0,0-.12-1.3338,6.9762,6.9762,0,0,0-2.4989-4.1911,7.3149,7.3149,0,0,0-4.73-1.7279c-4.031-.02-8.0623-.0061-12.0935-.0071a7.347,7.347,0,0,0-3.6653.907,6.9367,6.9367,0,0,0-3.85,6.2265C-.025,11.0332.0121,14.93.0169,18.8272a6.5069,6.5069,0,0,0,.8908,3.3475A7.2785,7.2785,0,0,0,7.419,25.9708c4.0565.0558,8.1145.0148,12.1719.0131a7.6378,7.6378,0,0,0,4.9015-1.8408,6.9218,6.9218,0,0,0,2.4928-5.276C27.0143,16.9517,26.9915,15.0354,26.9922,13.12ZM13.4174,20.21a7.3625,7.3625,0,0,1-7.4061-7.2182,7.3505,7.3505,0,0,1,7.4992-7.2115,7.3516,7.3516,0,0,1,7.4852,7.2146A7.37,7.37,0,0,1,13.4174,20.21ZM22.4962,5.7791a1.48,1.48,0,0,1-1.5005-1.4476,1.5014,1.5014,0,0,1,3-.0009A1.481,1.481,0,0,1,22.4962,5.7791Z\" transform=\"translate(0 0)\" style=\"fill-rule:evenodd\"><\/path><path d=\"M13.4969,8.3571a4.7331,4.7331,0,0,0-4.8183,4.6445,4.74,4.74,0,0,0,4.8241,4.6413,4.74,4.74,0,0,0,4.8187-4.6466A4.7342,4.7342,0,0,0,13.4969,8.3571Z\" transform=\"translate(0 0)\" style=\"fill-rule:evenodd\"><\/path><\/svg>\t\t\t\t\t<\/a>\n\t\t\t\t<\/span>\n\t\t\t\t\t\t\t<span class=\"elementor-grid-item\" role=\"listitem\">\n\t\t\t\t\t<a class=\"elementor-icon elementor-social-icon elementor-social-icon-twitter elementor-repeater-item-828f132\" target=\"_blank\">\n\t\t\t\t\t\t<span class=\"elementor-screen-only\">Twitter<\/span>\n\t\t\t\t\t\t<svg aria-hidden=\"true\" class=\"e-font-icon-svg e-fab-twitter\" viewBox=\"0 0 512 512\" xmlns=\"http:\/\/www.w3.org\/2000\/svg\"><path d=\"M459.37 151.716c.325 4.548.325 9.097.325 13.645 0 138.72-105.583 298.558-298.558 298.558-59.452 0-114.68-17.219-161.137-47.106 8.447.974 16.568 1.299 25.34 1.299 49.055 0 94.213-16.568 130.274-44.832-46.132-.975-84.792-31.188-98.112-72.772 6.498.974 12.995 1.624 19.818 1.624 9.421 0 18.843-1.3 27.614-3.573-48.081-9.747-84.143-51.98-84.143-102.985v-1.299c13.969 7.797 30.214 12.67 47.431 13.319-28.264-18.843-46.781-51.005-46.781-87.391 0-19.492 5.197-37.36 14.294-52.954 51.655 63.675 129.3 105.258 216.365 109.807-1.624-7.797-2.599-15.918-2.599-24.04 0-57.828 46.782-104.934 104.934-104.934 30.213 0 57.502 12.67 76.67 33.137 23.715-4.548 46.456-13.32 66.599-25.34-7.798 24.366-24.366 44.833-46.132 57.827 21.117-2.273 41.584-8.122 60.426-16.243-14.292 20.791-32.161 39.308-52.628 54.253z\"><\/path><\/svg>\t\t\t\t\t<\/a>\n\t\t\t\t<\/span>\n\t\t\t\t\t<\/div>\n\t\t\t\t\t\t<\/div>\n\t\t\t\t<\/div>\n\t\t\t\t<\/div>\n\t\t\t\t<\/footer>\n\t\t<div class=\"elementor-element elementor-element-44ef4891 e-flex e-con-boxed e-con e-parent\" data-id=\"44ef4891\" data-element_type=\"container\" data-settings=\"{&quot;background_background&quot;:&quot;classic&quot;}\">\n\t\t\t\t\t<div class=\"e-con-inner\">\n\t\t\t\t<div class=\"elementor-element elementor-element-52365f33 elementor-widget elementor-widget-heading\" data-id=\"52365f33\" data-element_type=\"widget\" data-widget_type=\"heading.default\">\n\t\t\t\t<div class=\"elementor-widget-container\">\n\t\t\t\t\t<p class=\"elementor-heading-title elementor-size-default\">\u00a9 2022 All Rights Reserved.<\/p>\t\t\t\t<\/div>\n\t\t\t\t<\/div>\n\t\t\t\t\t<\/div>\n\t\t\t\t<\/div>\n\t\t\t\t<\/div>\n\t\t","protected":false},"excerpt":{"rendered":"<p>7 de SEPTIEMBRE 2025 a las 20:00 Hora Espa\u00f1ola Estas dentro Este 07 de SEPTIEMBRE, vas a descubrir una forma simple y efectiva de incorporar los ejercicios balisticos dentro de tus programas de entrenamiento. \u00bfQuien soy y por que puedo ayudarte? Soy Jes\u00fas Ochoa,Campe\u00f3n Mundial y tres veces campe\u00f3n de Espa\u00f1a de kettlebell deportivo.\u00a0 Ademas&#8230;<\/p>\n","protected":false},"author":1,"featured_media":0,"parent":0,"menu_order":0,"comment_status":"closed","ping_status":"closed","template":"","meta":{"om_disable_all_campaigns":false,"_monsterinsights_skip_tracking":false,"_monsterinsights_sitenote_active":false,"_monsterinsights_sitenote_note":"","_monsterinsights_sitenote_category":0,"_kad_post_transparent":"","_kad_post_title":"hide","_kad_post_layout":"fullwidth","_kad_post_sidebar_id":"","_kad_post_content_style":"unboxed","_kad_post_vertical_padding":"hide","_kad_post_feature":"hide","_kad_post_feature_position":"","_kad_post_header":false,"_kad_post_footer":false,"_joinchat":[],"footnotes":""},"class_list":["post-282","page","type-page","status-publish","hentry"],"aioseo_notices":[],"_links":{"self":[{"href":"https:\/\/8acoach.com\/wp-json\/wp\/v2\/pages\/282","targetHints":{"allow":["GET"]}}],"collection":[{"href":"https:\/\/8acoach.com\/wp-json\/wp\/v2\/pages"}],"about":[{"href":"https:\/\/8acoach.com\/wp-json\/wp\/v2\/types\/page"}],"author":[{"embeddable":true,"href":"https:\/\/8acoach.com\/wp-json\/wp\/v2\/users\/1"}],"replies":[{"embeddable":true,"href":"https:\/\/8acoach.com\/wp-json\/wp\/v2\/comments?post=282"}],"version-history":[{"count":31,"href":"https:\/\/8acoach.com\/wp-json\/wp\/v2\/pages\/282\/revisions"}],"predecessor-version":[{"id":733,"href":"https:\/\/8acoach.com\/wp-json\/wp\/v2\/pages\/282\/revisions\/733"}],"wp:attachment":[{"href":"https:\/\/8acoach.com\/wp-json\/wp\/v2\/media?parent=282"}],"curies":[{"name":"wp","href":"https:\/\/api.w.org\/{rel}","templated":true}]}}